{"id":778,"date":"2025-07-24T12:22:49","date_gmt":"2025-07-24T12:22:49","guid":{"rendered":"https:\/\/bazkonyvtar.dev.peterteszary.com\/?page_id=778"},"modified":"2026-02-12T17:40:08","modified_gmt":"2026-02-12T17:40:08","slug":"partnerek-es-tamogatok","status":"publish","type":"page","link":"https:\/\/bazkonyvtar.hu\/en\/partnerek-es-tamogatok\/","title":{"rendered":"Partners and Supporters"},"content":{"rendered":"","protected":false},"excerpt":{"rendered":"","protected":false},"author":1,"featured_media":0,"parent":0,"menu_order":0,"comment_status":"closed","ping_status":"closed","template":"","meta":{"_acf_changed":false,"slim_seo":{"description":"A Borsod-Aba\u00faj-Zempl\u00e9n v\u00e1rmegyei K\u00f6nyvt\u00e1rport\u00e1l t\u00e1mogatoi \u00e9s partnerei.","facebook_image":"https:\/\/bazkonyvtar.dev.peterteszary.com\/wp-content\/uploads\/2025\/06\/Rakoczi.jpg","twitter_image":"https:\/\/bazkonyvtar.dev.peterteszary.com\/wp-content\/uploads\/2025\/06\/Rakoczi.jpg","title":"Partnerek \u00e9s T\u00e1mogat\u00f3k - Borsod-Aba\u00faj-Zempl\u00e9n v\u00e1rmegyei K\u00f6nyvt\u00e1rport\u00e1l"},"footnotes":""},"class_list":["post-778","page","type-page","status-publish","hentry"],"acf":[],"meta_box":[],"_links":{"self":[{"href":"https:\/\/bazkonyvtar.hu\/en\/wp-json\/wp\/v2\/pages\/778","targetHints":{"allow":["GET"]}}],"collection":[{"href":"https:\/\/bazkonyvtar.hu\/en\/wp-json\/wp\/v2\/pages"}],"about":[{"href":"https:\/\/bazkonyvtar.hu\/en\/wp-json\/wp\/v2\/types\/page"}],"author":[{"embeddable":true,"href":"https:\/\/bazkonyvtar.hu\/en\/wp-json\/wp\/v2\/users\/1"}],"replies":[{"embeddable":true,"href":"https:\/\/bazkonyvtar.hu\/en\/wp-json\/wp\/v2\/comments?post=778"}],"version-history":[{"count":1,"href":"https:\/\/bazkonyvtar.hu\/en\/wp-json\/wp\/v2\/pages\/778\/revisions"}],"predecessor-version":[{"id":2282,"href":"https:\/\/bazkonyvtar.hu\/en\/wp-json\/wp\/v2\/pages\/778\/revisions\/2282"}],"wp:attachment":[{"href":"https:\/\/bazkonyvtar.hu\/en\/wp-json\/wp\/v2\/media?parent=778"}],"curies":[{"name":"wp","href":"https:\/\/api.w.org\/{rel}","templated":true}]}}