{"id":1515,"date":"2025-11-24T11:46:42","date_gmt":"2025-11-24T11:46:42","guid":{"rendered":"https:\/\/bazkonyvtar.dev.peterteszary.com\/?page_id=1515"},"modified":"2026-02-26T12:06:33","modified_gmt":"2026-02-26T11:06:33","slug":"terulet-ellatasi-osztaly-munkatarsai","status":"publish","type":"page","link":"https:\/\/bazkonyvtar.hu\/en\/terulet-ellatasi-osztaly-munkatarsai\/","title":{"rendered":"Department of Spatial Services Staff"},"content":{"rendered":"<figure class=\"wp-block-table\"><table class=\"has-fixed-layout\"><thead><tr><td><strong>Name<\/strong><\/td><td><strong>Position<\/strong><\/td><td><strong>Email<\/strong><\/td><td><strong>Telephone number<\/strong><\/td><\/tr><\/thead><tbody><tr><td>Enik\u0151 Boros<\/td><td>librarian regional desk officer, district(s): Kazincbarcika, library bus<\/td><td>boros.eniko[at]rfmlib.hu<\/td><td>46\/503-120,<br>30\/140-5469<\/td><\/tr><tr><td>Szabina Bukta<\/td><td>librarian, regional desk officer, district(s): Miskolc<\/td><td>bukta.szabina[at]rfmlib.hu<\/td><td>46\/503-120,<br>70\/603-8745<\/td><\/tr><tr><td>Eszter Dud\u00e1s<\/td><td>librarian, regional desk officer, district(s): Encsi, Mez\u0151cs\u00e1ti<\/td><td>dudas.eszter[at]rfmlib.hu<\/td><td>46\/503-120,<br>70\/426-0133<\/td><\/tr><tr><td>Richard Mak\u00e1r (footballer)<\/td><td>librarian, event organizer, regional desk officer, district(s): Cig\u00e1ndi<\/td><td>makar.richard[at]rfmlib.hu<\/td><td>46\/503-120,<br>70\/341-1070<\/td><\/tr><tr><td>Gregory of Nyul\u00e1s<\/td><td>librarian regional desk officer, district(s): Szerencsi, Sziksz\u00f3i<\/td><td>rabbit.gergely[at]rfmlib.hu<\/td><td>46\/503-120,<br>70\/209-5196<\/td><\/tr><tr><td>Gy\u00f6rgy Petrig\u00e1n<\/td><td>librarian, administrator, regional desk officer, district(s): Kazincbarcika, Szendr\u0151, library bus<\/td><td>petrigan.gyorgy[at]rfmlib.hu<\/td><td>46\/503-120,<br>70\/882-1760<\/td><\/tr><tr><td>Chamomile with rifle<\/td><td>librarian, regional desk officer, district(s): Aba\u00faji, Tokaj<\/td><td>guns.kamilla[at]rfmlib.hu<\/td><td>46\/503-120,<br>70\/239-3793<\/td><\/tr><tr><td>Ildik\u00f3 Szab\u00f3n\u00e9 Lenkefi<\/td><td>librarian, head of department, event organizer, district(s): Kazincbarcika<\/td><td>lenkefi.ildiko[at]rfmlib.hu<\/td><td>46\/503-120,<br>70\/426-1501<\/td><\/tr><tr><td>Mrs. J\u00falia T\u00f3th<\/td><td>librarian, regional desk officer, district(s): \u00d3zd<\/td><td>toth.julia[at]rfmlib.hu<\/td><td>46\/503-120,<br>70\/603-9095<\/td><\/tr><tr><td>N\u00f3ra Szegedin\u00e9 T\u00f3th<\/td><td>Regional desk officer, district(s): S\u00e1rospatak, S\u00e1toralja\u00fajhely<\/td><td>Szegedine.nora[at]rfmlib.hu<\/td><td>46\/503-120,<br>70\/603-9341<\/td><\/tr><tr><td>Mrs. Rita Haraszti Sz\u00e9k\u00e1cs<\/td><td>librarian, regional desk officer, district(s): Mez\u0151k\u00f6vesd, Tisza\u00fajv\u00e1ros<\/td><td>haraszti.rita[at]rfmlib.hu<\/td><td>46\/503-120,<br>70\/239-4062<\/td><\/tr><\/tbody><\/table><\/figure>\n\n\n\n<p><\/p>","protected":false},"excerpt":{"rendered":"<p>Name Position Email Phone number Enik\u0151 Boros librarian regional desk officer, district(s): Kazincbarcika, library bus boros.eniko[at]rfmlib.hu 46\/503-120,30\/140-5469 Szabina Bukta librarian, regional desk officer, district(s): Miskolc bukta.szabina[at]rfmlib.hu 46\/503-120,70\/603-8745 Eszter Dud\u00e1s librarian, regional desk officer, district(s): encsi, Mez\u0151cs\u00e1ti dudas.eszter[at]rfmlib.hu 46\/503-120,70\/426-0133 Rich\u00e1rd Mak\u00e1r librarian, event organizer, regional desk officer, district(s): cig\u00e1ndi makar.richard[at]rfmlib.hu 46\/503-120,70\/341-1070 Gergely Nyul\u00e1szi librarian regional desk officer, district(s): Nyulaszi.gergely[at]rfmlib.hu 46\/503-120,70\/209-5196 Petrig\u00e1n Gy\u00f6rgy [\u2026]<\/p>","protected":false},"author":3,"featured_media":0,"parent":0,"menu_order":0,"comment_status":"closed","ping_status":"closed","template":"","meta":{"_acf_changed":false,"slim_seo":{"title":"Ter\u00fcletell\u00e1t\u00e1si oszt\u00e1ly munkat\u00e1rsai - Borsod-Aba\u00faj-Zempl\u00e9n v\u00e1rmegyei K\u00f6nyvt\u00e1rport\u00e1l","description":"N\u00e9v Beoszt\u00e1sa Email Telefonsz\u00e1m Boros Enik\u0151 k\u00f6nyvt\u00e1ros ter\u00fcleti referens, k\u00f6rzete(i): kazincbarcikai, k\u00f6nyvt\u00e1rbusz boros.eniko[kukac]rfmlib.hu 46\/503-120, 30\/14"},"footnotes":""},"class_list":["post-1515","page","type-page","status-publish","hentry"],"acf":[],"meta_box":[],"_links":{"self":[{"href":"https:\/\/bazkonyvtar.hu\/en\/wp-json\/wp\/v2\/pages\/1515","targetHints":{"allow":["GET"]}}],"collection":[{"href":"https:\/\/bazkonyvtar.hu\/en\/wp-json\/wp\/v2\/pages"}],"about":[{"href":"https:\/\/bazkonyvtar.hu\/en\/wp-json\/wp\/v2\/types\/page"}],"author":[{"embeddable":true,"href":"https:\/\/bazkonyvtar.hu\/en\/wp-json\/wp\/v2\/users\/3"}],"replies":[{"embeddable":true,"href":"https:\/\/bazkonyvtar.hu\/en\/wp-json\/wp\/v2\/comments?post=1515"}],"version-history":[{"count":4,"href":"https:\/\/bazkonyvtar.hu\/en\/wp-json\/wp\/v2\/pages\/1515\/revisions"}],"predecessor-version":[{"id":2528,"href":"https:\/\/bazkonyvtar.hu\/en\/wp-json\/wp\/v2\/pages\/1515\/revisions\/2528"}],"wp:attachment":[{"href":"https:\/\/bazkonyvtar.hu\/en\/wp-json\/wp\/v2\/media?parent=1515"}],"curies":[{"name":"wp","href":"https:\/\/api.w.org\/{rel}","templated":true}]}}