{"id":726,"date":"2025-07-21T04:18:46","date_gmt":"2025-07-21T04:18:46","guid":{"rendered":"https:\/\/bazkonyvtar.dev.peterteszary.com\/?page_id=726"},"modified":"2025-08-15T08:26:42","modified_gmt":"2025-08-15T08:26:42","slug":"hirlevel","status":"publish","type":"page","link":"https:\/\/bazkonyvtar.hu\/de\/hirlevel\/","title":{"rendered":"Newsletter"},"content":{"rendered":"<div id=\"bitforms_1_726_1\" class=\"bit-form AG1 Ah1 _frm-bg-b1\">\n      \n          <form novalidate id=\"form-bitforms_1_726_1\" class=\"AE1 AF1 _frm-b1\"  method='post' action=\"\">\n              <input type=\"text\" class=\"d-none\" name=\"csrf\" value=\"DGo7IVN6ah1waG\/Rq+MW0OTi7Yenmdtjalk3QnSZ5gk=\">\n              <input type=\"text\" class=\"d-none\" name=\"t_identity\" value=\"n3TrJwOafm1F7TX1MYQN\/SYnsWWcTNlC2b0F14nawbE=\">\n              \n              <input type=\"text\" class=\"d-none\" name=\"bitforms_id\" value=\"bitforms_1\">\n                  <div class=\"btcd-fld-itm b1-2\">\n        <div \n      \n      class=\"J1 N1 O1 P1 b1-2-fld-wrp bf-fld-wrp\"\n    >\n            <div \n        \n        class=\"H1 y1 AC1 b1-2-lbl-wrp bf-lbl-wrp\" \n      >\n              <label \n         \n        class=\"A1 D1 H1 y1 z1 AA1 AB1 Ag1 b1-2-lbl bf-lbl\"\n        for=\"b1-2-1\">\n        \n        \n        Nachname\n        \n              <span \n        \n        class=\"z1 AD1 Ag1 b1-2-req-smbl bf-req-smbl\" \n      >\n        *\n      <\/span>\n      <\/label>\n        \n      <\/div>\n      <div \n        \n        class=\"b1-2-inp-wrp bf-inp-wrp\"\n      > \n            <div \n      \n      class=\"P1 x1 b1-2-inp-fld-wrp bf-inp-fld-wrp\"\n    >\n      <input\n        \n        id=\"b1-2-1\"\n        \n        class=\"B1 E1 F1 a1 b1 c1 d1 e1 f1 g1 h1 i1 j1 k1 l1 m1 n1 o1 p1 q1 r1 s1 t1 u1 v1 w1 AW1 AX1 AY1 AZ1 Aa1 Ab1 Ac1 Ad1 Ae1 Af1 b1-2-fld bf-fld\"\n        type=\"text\"\n        required\n placeholder='Nachname'\n        \n        \n        autocomplete='name'\n        \n        name='text-b1-2'\n        \n        \n      \/>\n      \n      \n    <\/div>\n    \n        \n            <div class='K1 L1 M1 b1-2-err-wrp bf-err-wrp' style=\"opacity: 0 !important; height: 0px !important;\">\n    <div class='I1 b1-2-err-inner bf-err-inner'>\n      \n        \n        <div   class=\"A1 D1 Q1 R1 S1 T1 U1 V1 W1 X1 Y1 Z1 b1-2-err-msg bf-err-msg  J1 b1-2-err-txt bf-err-txt\" style='display: none !important;'><\/div>\n        \n      \n      <\/div>\n    <\/div>\n      <\/div>\n    <\/div>\n<\/div><div class=\"btcd-fld-itm b1-3\">\n        <div \n      \n      class=\"J1 N1 O1 P1 b1-3-fld-wrp bf-fld-wrp\"\n    >\n            <div \n        \n        class=\"H1 y1 AC1 b1-3-lbl-wrp bf-lbl-wrp\" \n      >\n              <label \n         \n        class=\"A1 D1 H1 y1 z1 AA1 AB1 Ag1 b1-3-lbl bf-lbl\"\n        for=\"b1-3-1\">\n        \n        \n        Vorname\n        \n              <span \n        \n        class=\"z1 AD1 Ag1 b1-3-req-smbl bf-req-smbl\" \n      >\n        *\n      <\/span>\n      <\/label>\n        \n      <\/div>\n      <div \n        \n        class=\"b1-3-inp-wrp bf-inp-wrp\"\n      > \n            <div \n      \n      class=\"P1 x1 b1-3-inp-fld-wrp bf-inp-fld-wrp\"\n    >\n      <input\n        \n        id=\"b1-3-1\"\n        \n        class=\"B1 E1 F1 a1 b1 c1 d1 e1 f1 g1 h1 i1 j1 k1 l1 m1 n1 o1 p1 q1 r1 s1 t1 u1 v1 w1 AW1 AX1 AY1 AZ1 Aa1 Ab1 Ac1 Ad1 Ae1 Af1 b1-3-fld bf-fld\"\n        type=\"text\"\n        required\n placeholder='Vorname'\n        \n        \n        autocomplete='name'\n        \n        name='text-b1-3'\n        \n        \n      \/>\n      \n      \n    <\/div>\n    \n        \n            <div class='K1 L1 M1 b1-3-err-wrp bf-err-wrp' style=\"opacity: 0 !important; height: 0px !important;\">\n    <div class='I1 b1-3-err-inner bf-err-inner'>\n      \n        \n        <div   class=\"A1 D1 Q1 R1 S1 T1 U1 V1 W1 X1 Y1 Z1 b1-3-err-msg bf-err-msg  J1 b1-3-err-txt bf-err-txt\" style='display: none !important;'><\/div>\n        \n      \n      <\/div>\n    <\/div>\n      <\/div>\n    <\/div>\n<\/div><div class=\"btcd-fld-itm b1-4\">\n        <div \n      \n      class=\"J1 N1 O1 P1 b1-4-fld-wrp bf-fld-wrp\"\n    >\n            <div \n        \n        class=\"H1 y1 AC1 b1-4-lbl-wrp bf-lbl-wrp\" \n      >\n              <label \n         \n        class=\"A1 D1 H1 y1 z1 AA1 AB1 Ag1 b1-4-lbl bf-lbl\"\n        for=\"b1-4-1\">\n        \n        \n        E-Mail-Adresse\n        \n              <span \n        \n        class=\"z1 AD1 Ag1 b1-4-req-smbl bf-req-smbl\" \n      >\n        *\n      <\/span>\n      <\/label>\n        \n      <\/div>\n      <div \n        \n        class=\"b1-4-inp-wrp bf-inp-wrp\"\n      > \n            <div \n      \n      class=\"P1 x1 b1-4-inp-fld-wrp bf-inp-fld-wrp\"\n    >\n      <input\n        \n        id=\"b1-4-1\"\n        \n        class=\"B1 E1 F1 a1 b1 c1 d1 e1 f1 g1 h1 i1 j1 k1 l1 m1 n1 o1 p1 q1 r1 s1 t1 u1 v1 w1 AW1 AX1 AY1 AZ1 Aa1 Ab1 Ac1 Ad1 Ae1 Af1 b1-4-fld bf-fld\"\n        type=\"email\"\n        required\n placeholder='example@mail.com'\n        \n        \n        autocomplete='email'\n        \n        name='email-b1-4'\n        \n        \n      \/>\n      \n      \n    <\/div>\n    \n        \n            <div class='K1 L1 M1 b1-4-err-wrp bf-err-wrp' style=\"opacity: 0 !important; height: 0px !important;\">\n    <div class='I1 b1-4-err-inner bf-err-inner'>\n      \n        \n        <div   class=\"A1 D1 Q1 R1 S1 T1 U1 V1 W1 X1 Y1 Z1 b1-4-err-msg bf-err-msg  J1 b1-4-err-txt bf-err-txt\" style='display: none !important;'><\/div>\n        \n      \n      <\/div>\n    <\/div>\n      <\/div>\n    <\/div>\n<\/div><div class=\"btcd-fld-itm b1-1\">\n        <div \n      \n      class=\"J1 N1 O1 P1 b1-1-fld-wrp bf-fld-wrp\"\n    >\n      \n      <div \n        \n        class=\"b1-1-inp-wrp bf-inp-wrp\"\n      > \n              <div \n        \n        class=\"D1 b1-1-inp-fld-wrp bf-inp-fld-wrp\"\n      >\n        <button\n          \n          class=\"A1 B1 C1 D1 E1 F1 G1 H1 AH1 AI1 AJ1 AK1 AL1 AM1 Ai1 Aj1 Ak1 b1-1-btn bf-btn\"\n          type=\"submit\"\n          name='button-b1-1'\n          \n        >\n          \n          Abonnieren\n          \n          <span class=\"bf-spinner d-none\"><\/span>\n        <\/button>\n      <\/div>\n        \n        \n      <\/div>\n    <\/div>\n<\/div>\n          <input type=\"hidden\" name=\"etm-form-language\" value=\"de\"\/><\/form>\n          \n          <div id='bf-form-msg-wrp-bitforms_1_726_1'><\/div>\n                      <div role=\"dialog\" aria-hidden=\"true\" data-modal-backdrop=\"true\" class=\"A1 D1 G1 AS1 AT1 AU1 msg-container-1 deactive scroll\">\n              <div data-contentid=\"bitforms_1_726_1\" data-msgid=\"1\" role=\"button\" class=\"A1 D1 G1 H1 AR1 msg-background-1 msg-backdrop\">\n                <div class=\"bf-msg-content H1 P1 T1 U1 z1 AV1 Ag1 msg-content-1\">\n                  <button data-contentid=\"bitforms_1_726_1\" data-msgid=\"1\" class=\"C1 K1 N1 AN1 AO1 AP1 Al1 Am1 An1 close-1 bf-msg-close\" type=\"button\">\n                    <svg class=\"AQ1 close-icn-1\" viewbox=\"0 0 30 30\">\n                      <line fill=\"none\" stroke=\"currentColor\" stroke-linecap=\"round\" stroke-linejoin=\"round\" x1=\"4\" y1=\"3.88\" x2=\"26\" y2=\"26.12\"><\/line>\n                      <line fill=\"none\" stroke=\"currentColor\" stroke-linecap=\"round\" stroke-linejoin=\"round\" x1=\"26\" y1=\"3.88\" x2=\"4\" y2=\"26.12\"><\/line>\n                    <\/svg>\n                  <\/button>\n                  <div class=\"msg-content\"><\/div>\n                <\/div>\n              <\/div>\n            <\/div>\n      <\/div>    <script id=\"bit-form-bf-globals-bitforms_1_726_1\">      if(!window.bf_globals) { \n        window.bf_globals = {} \n      } if(!window.bf_globals.bitforms_1_726_1) { \n        window.bf_globals.bitforms_1_726_1 = {} \n      }\n      if(document.getElementById('bitforms_1_726_1')) {\n        window.bf_globals.bitforms_1_726_1 = { \n          ...window.bf_globals.bitforms_1_726_1, \n          ...{\"ajaxURL\":\"https:\\\/\\\/bazkonyvtar.hu\\\/wp-admin\\\/admin-ajax.php\",\"nonce\":\"1e5f9e3052\",\"version\":\"2.21.9\",\"layout\":{\"lg\":[{\"w\":30,\"h\":77,\"x\":0,\"y\":0,\"i\":\"b1-2\",\"moved\":false,\"static\":false},{\"w\":30,\"h\":77,\"x\":30,\"y\":0,\"i\":\"b1-3\",\"moved\":false,\"static\":false},{\"w\":60,\"h\":77,\"x\":0,\"y\":77,\"i\":\"b1-4\",\"minW\":9,\"moved\":false,\"static\":false},{\"w\":6,\"h\":54,\"x\":0,\"y\":154,\"i\":\"b1-1\",\"moved\":false,\"static\":false}],\"md\":[{\"w\":30,\"h\":77,\"x\":0,\"y\":0,\"i\":\"b1-2\",\"moved\":false,\"static\":false},{\"w\":30,\"h\":77,\"x\":30,\"y\":0,\"i\":\"b1-3\",\"moved\":false,\"static\":false},{\"w\":60,\"h\":77,\"x\":0,\"y\":77,\"i\":\"b1-4\",\"minW\":9,\"moved\":false,\"static\":false},{\"w\":6,\"h\":54,\"x\":0,\"y\":154,\"i\":\"b1-1\",\"moved\":false,\"static\":false}],\"sm\":[{\"w\":30,\"h\":77,\"x\":0,\"y\":0,\"i\":\"b1-2\",\"moved\":false,\"static\":false},{\"w\":30,\"h\":77,\"x\":30,\"y\":0,\"i\":\"b1-3\",\"moved\":false,\"static\":false},{\"w\":60,\"h\":77,\"x\":0,\"y\":77,\"i\":\"b1-4\",\"minW\":9,\"moved\":false,\"static\":false},{\"w\":6,\"h\":54,\"x\":0,\"y\":154,\"i\":\"b1-1\",\"moved\":false,\"static\":false}]},\"nestedLayout\":{},\"fields\":{\"b1-1\":{\"typ\":\"button\",\"btnSiz\":\"md\",\"btnTyp\":\"submit\",\"txt\":\"Feliratkoz\\u00e1s\",\"icn\":{\"pos\":\"\",\"url\":\"\"},\"valid\":{},\"customClasses\":{},\"customAttributes\":{},\"fulW\":true,\"fieldName\":\"button-b1-1\"},\"b1-2\":{\"typ\":\"text\",\"lbl\":\"Vezet\\u00e9kn\\u00e9v\",\"phHide\":true,\"valid\":{\"req\":true,\"reqPos\":\"after\",\"reqShow\":true},\"err\":{\"req\":{\"dflt\":\"<p style=\\\"margin:0\\\">This field is required<\\\/p>\",\"show\":true}},\"customClasses\":{},\"customAttributes\":{},\"fieldName\":\"text-b1-2\",\"acHide\":true,\"ac\":\"name\",\"ph\":\"Vezet\\u00e9kn\\u00e9v\"},\"b1-3\":{\"typ\":\"text\",\"lbl\":\"Keresztn\\u00e9v\",\"phHide\":true,\"valid\":{\"req\":true,\"reqPos\":\"after\",\"reqShow\":true},\"err\":{\"req\":{\"dflt\":\"<p style=\\\"margin:0\\\">This field is required<\\\/p>\",\"show\":true}},\"customClasses\":{},\"customAttributes\":{},\"fieldName\":\"text-b1-3\",\"acHide\":true,\"ac\":\"name\",\"ph\":\"Keresztn\\u00e9v\"},\"b1-4\":{\"typ\":\"email\",\"lbl\":\"Email\",\"ph\":\"example@mail.com\",\"phHide\":true,\"pattern\":\"^[^$_bf_$s@]+@[^$_bf_$s@]+$_bf_$.[^$_bf_$s@]+$\",\"valid\":{\"req\":true,\"reqPos\":\"after\",\"reqShow\":true},\"err\":{\"invalid\":{\"dflt\":\"<p style=\\\"margin:0\\\">Please, enter a valid email address<\\\/p>\",\"show\":true},\"req\":{\"dflt\":\"<p style=\\\"margin:0\\\">This field is required<\\\/p>\",\"show\":true,\"custom\":true,\"msg\":\"<p style=\\\"margin:0\\\">Please enter your email.<\\\/p>\"}},\"customClasses\":{},\"customAttributes\":{},\"fieldName\":\"email-b1-4\",\"acHide\":true,\"ac\":\"email\"}},\"buttons\":\"\",\"fieldsKey\":{\"b1-1\":\"b1-1\",\"b1-2\":\"b1-2\",\"b1-3\":\"b1-3\",\"b1-4\":\"b1-4\"},\"file\":false,\"configs\":{\"bf_separator\":\"__bf__\"},\"formId\":1,\"appID\":\"bitforms_1\",\"GCLID\":false,\"assetUrl\":\"https:\\\/\\\/bazkonyvtar.hu\\\/wp-content\\\/plugins\\\/bit-form\\\/assets\",\"onfieldCondition\":false,\"smartTags\":{\"_bf_current_time\":\"2026-04-16 23:52:49\",\"_bf_admin_email\":\"peterteszary@gmail.com\",\"_bf_date_default\":\"2026.04.16.\",\"_bf_date.m\\\/d\\\/y\":\"04\\\/16\\\/26\",\"_bf_date.d\\\/m\\\/y\":\"16\\\/04\\\/26\",\"_bf_date.y\\\/m\\\/d\":\"26\\\/04\\\/16\",\"_bf_date.Y-m-d\":\"2026-04-16\",\"_bf_date.d-M, Y\":\"16-Apr., 2026\",\"_bf_time\":\"23:52\",\"_bf_weekday\":\"Donnerstag\",\"_bf_http_referer_url\":\"\",\"_bf_ip_address\":\"216.73.216.4\",\"_bf_browser_name\":\"Bot\",\"_bf_operating_system\":\"\",\"_bf_random_digit\":\"69e15a319e628\",\"_bf_user_id\":\"0\",\"_bf_user_first_name\":\" \",\"_bf_user_last_name\":\" \",\"_bf_user_display_name\":\" \",\"_bf_user_nice_name\":\" \",\"_bf_user_login_name\":\" \",\"_bf_user_email\":\" \",\"_bf_user_url\":\" \",\"_bf_current_user_role\":\" \",\"_bf_author_id\":\" \",\"_bf_author_display\":\" \",\"_bf_author_email\":\" \",\"_bf_site_title\":\"Borsod-Aba\\u00faj-Zempl\\u00e9n v\\u00e1rmegyei K\\u00f6nyvt\\u00e1rport\\u00e1l\",\"_bf_site_description\":\"\",\"_bf_site_url\":\"https:\\\/\\\/bazkonyvtar.hu\\\/de\",\"_bf_wp_local_codes\":\"de\",\"_bf_separator\":\"__bf__\",\"_bf_post_id\":\"\",\"_bf_post_name\":\"\",\"_bf_post_title\":\"\",\"_bf_post_date\":\"\",\"_bf_post_modified_date\":\"\",\"_bf_post_url\":\"\",\"_bf_is_user_logged_in\":\"logged_out\",\"_bf_entry_id\":\"\",\"_bf_back_view\":\"https:\\\/\\\/bazkonyvtar.hu\\\/de\\\/wp-json\\\/wp\\\/v2\\\/pages\\\/726\"},\"paymentCallbackUrl\":\"https:\\\/\\\/bazkonyvtar.hu\\\/de\\\/wp-json\\\/bitform\\\/v1\\\/payments\\\/razorpay\",\"gRecaptchaSiteKey\":null,\"gRecaptchaVersion\":null,\"turnstileSiteKey\":null,\"hCaptchaSiteKey\":null}\n        };\n      }<\/script>","protected":false},"excerpt":{"rendered":"","protected":false},"author":1,"featured_media":0,"parent":0,"menu_order":0,"comment_status":"closed","ping_status":"closed","template":"","meta":{"_acf_changed":false,"slim_seo":{"description":"Borsod-Aba\u00faj-Zempl\u00e9n v\u00e1rmegyei K\u00f6nyvt\u00e1rport\u00e1l h\u00edrlev\u00e9l feliratkoz\u00e1s. \u00c9rdekess\u00e9gek, esem\u00e9nyek, inform\u00e1ci\u00f3k a postal\u00e1d\u00e1j\u00e1ban.","facebook_image":"https:\/\/bazkonyvtar.dev.peterteszary.com\/wp-content\/uploads\/2025\/06\/Rakoczi.jpg","twitter_image":"https:\/\/bazkonyvtar.dev.peterteszary.com\/wp-content\/uploads\/2025\/06\/Rakoczi.jpg","title":"H\u00edrlev\u00e9l - Borsod-Aba\u00faj-Zempl\u00e9n v\u00e1rmegyei K\u00f6nyvt\u00e1rport\u00e1l"},"footnotes":""},"class_list":["post-726","page","type-page","status-publish","hentry"],"acf":[],"meta_box":[],"_links":{"self":[{"href":"https:\/\/bazkonyvtar.hu\/de\/wp-json\/wp\/v2\/pages\/726","targetHints":{"allow":["GET"]}}],"collection":[{"href":"https:\/\/bazkonyvtar.hu\/de\/wp-json\/wp\/v2\/pages"}],"about":[{"href":"https:\/\/bazkonyvtar.hu\/de\/wp-json\/wp\/v2\/types\/page"}],"author":[{"embeddable":true,"href":"https:\/\/bazkonyvtar.hu\/de\/wp-json\/wp\/v2\/users\/1"}],"replies":[{"embeddable":true,"href":"https:\/\/bazkonyvtar.hu\/de\/wp-json\/wp\/v2\/comments?post=726"}],"version-history":[{"count":0,"href":"https:\/\/bazkonyvtar.hu\/de\/wp-json\/wp\/v2\/pages\/726\/revisions"}],"wp:attachment":[{"href":"https:\/\/bazkonyvtar.hu\/de\/wp-json\/wp\/v2\/media?parent=726"}],"curies":[{"name":"wp","href":"https:\/\/api.w.org\/{rel}","templated":true}]}}