{"id":68,"date":"2025-06-27T07:34:06","date_gmt":"2025-06-27T07:34:06","guid":{"rendered":"https:\/\/bazkonyvtar.dev.peterteszary.com\/?page_id=68"},"modified":"2025-07-01T12:15:48","modified_gmt":"2025-07-01T12:15:48","slug":"helyismeret","status":"publish","type":"page","link":"https:\/\/bazkonyvtar.hu\/de\/helyismeret\/","title":{"rendered":"Lokale Kenntnisse"},"content":{"rendered":"<div class=\"wp-block-stackable-columns stk-block-columns stk-block stk-dcb7578\" data-block-id=\"dcb7578\"><div class=\"stk-row stk-inner-blocks stk-block-content stk-content-align stk-dcb7578-column\">\n<div class=\"wp-block-stackable-column stk-block-column stk-column stk-block stk-d48afdb\" data-v=\"4\" data-block-id=\"d48afdb\"><style>@media screen and (min-width: 768px){.stk-d48afdb {flex:var(--stk-flex-grow, 1) 1 calc(50% - var(--stk-column-gap, 0px) * 1 \/ 2 ) !important;}}<\/style><div class=\"stk-column-wrapper stk-block-column__content stk-container stk-d48afdb-container stk--no-background stk--no-padding\"><div class=\"stk-block-content stk-inner-blocks stk-d48afdb-inner-blocks\">\n<div class=\"wp-block-stackable-text stk-block-text stk-block stk-f9818e1\" data-block-id=\"f9818e1\"><p class=\"stk-block-text__text\"><strong>Die Sammlung von lokalen Wissensdokumenten besteht seit der Gr\u00fcndung der Bibliothek im Jahr 1952.<\/strong><\/p><\/div>\n\n\n\n<div class=\"wp-block-stackable-text stk-block-text stk-block stk-ef8d1b2\" data-block-id=\"ef8d1b2\"><p class=\"stk-block-text__text\">Die Sondersammlung enth\u00e4lt Dokumente aus der Vergangenheit (bis 1920) und Gegenwart der historischen Grafschaften Aba\u00faj, Borsod, G\u00f6m\u00f6r, Torna und Zempl\u00e9n. Wir sammeln Publikationen mit lokalen Inhalten, die lokal und in lokalen Druckern ver\u00f6ffentlicht werden, sowie Werke lokaler Autoren, unabh\u00e4ngig vom Typ. B\u00fccher, Zeitschriften, Kleingedrucktes, Sitzungsprotokolle, Abschlussarbeiten, audiovisuelle Dokumente finden Sie hier. Aus druckhistorischer Sicht sammeln wir lokale Druckerzeugnisse bis 1948. Unsere Sammlung ist zeitlich unbegrenzt: Neben den aktuell ver\u00f6ffentlichten B\u00fcchern versuchen wir, Werke aller Altersgruppen, wenn auch lokaler Natur, zu erwerben, so dass wir auch das Angebot von Buchauktionen \u00fcberwachen.<\/p><\/div>\n\n\n\n<div class=\"wp-block-stackable-text stk-block-text stk-block stk-8dd1568\" data-block-id=\"8dd1568\"><p class=\"stk-block-text__text\">Im Leseraum im 2. Stock befinden sich B\u00fccher, Zeitungen, Zeitschriften, Dissertationen, Karten, Postkarten und Fotos sowie CDs und DVDs, Computerdokumente, Mikrofilme und digitale Versionen einiger davon. Die Sammlung von Postkarten in der Lokalgeschichtlichen Sammlung ist sehr reich und besteht aus etwa 10.000 St\u00fccken. So ist die \u00e4lteste Postkarte aus dem Jahr 1899 eine echte Rarit\u00e4t, da die Postkartenausgabe in Ungarn 1896 begann.<\/p><\/div>\n<\/div><\/div><\/div>\n\n\n\n<div class=\"wp-block-stackable-column stk-block-column stk-column stk-block stk-b3ce814\" data-v=\"4\" data-block-id=\"b3ce814\"><style>@media screen and (min-width: 768px){.stk-b3ce814 {flex:var(--stk-flex-grow, 1) 1 calc(50% - var(--stk-column-gap, 0px) * 1 \/ 2 ) !important;}}<\/style><div class=\"stk-column-wrapper stk-block-column__content stk-container stk-b3ce814-container stk--no-background stk--no-padding\"><div class=\"stk-block-content stk-inner-blocks stk-b3ce814-inner-blocks\">\n<div class=\"wp-block-stackable-image stk-block-image stk-block stk-8deefb4\" data-block-id=\"8deefb4\"><figure><span class=\"stk-img-wrapper stk-image--shape-stretch\"><img loading=\"lazy\" decoding=\"async\" class=\"stk-img wp-image-395\" src=\"https:\/\/bazkonyvtar.dev.peterteszary.com\/wp-content\/uploads\/2025\/07\/helyismereti-gyujtemeny-kep.jpg\" width=\"1200\" height=\"900\" alt=\"Lokale Wissenssammlung\" srcset=\"https:\/\/bazkonyvtar.hu\/wp-content\/uploads\/2025\/07\/helyismereti-gyujtemeny-kep.jpg 1200w, https:\/\/bazkonyvtar.hu\/wp-content\/uploads\/2025\/07\/helyismereti-gyujtemeny-kep-300x225.jpg 300w, https:\/\/bazkonyvtar.hu\/wp-content\/uploads\/2025\/07\/helyismereti-gyujtemeny-kep-1024x768.jpg 1024w, https:\/\/bazkonyvtar.hu\/wp-content\/uploads\/2025\/07\/helyismereti-gyujtemeny-kep-768x576.jpg 768w\" sizes=\"auto, (max-width: 1200px) 100vw, 1200px\" \/><\/span><\/figure><\/div>\n<\/div><\/div><\/div>\n<\/div><\/div>\n\n\n\n<p>Im Zentrallager befanden sich Kleindrucke und Plakate sowie einige der gebundenen Zeitschriften.<\/p>\n\n\n\n<p>Bibliothekare \u00fcberwachen die Presse seit 1956. Die Schriften lokaler Autoren und die Daten von Artikeln, die sich mit lokalen Themen befassen, wurden zun\u00e4chst im alphabetischen und geordneten Artikelkatalog aufgedeckt. Heute halten wir die Ergebnisse des Pressemonitorings, die kreis- und stadtbezogenen Artikel im elektronischen Katalog, die in den letzten Jahren bereits digitalisiert archiviert wurden.<\/p>\n\n\n\n<p>Neben dem Sammeln von lokalen Wissensdokumenten und Informationen, heute&nbsp;<a href=\"https:\/\/www.rfmlib.hu\/hu\/page\/borsod-miskolci-digitalis-konyvtar\">Borsod-Miskolc Digitale Bibliothek<\/a>&nbsp;Die lokale Wissenssammlung ist auch f\u00fcr die Aufstockung ihres Bestands, die Auswahl von Werken f\u00fcr die Digitalisierung, die Verwaltung des Digitalisierungsworkflows, die Sicherstellung der Zug\u00e4nglichkeit und Aktualisierung elektronischer Inhalte und die Archivierung lokaler Aufzeichnungen verantwortlich.<\/p>\n\n\n\n<figure class=\"wp-block-embed is-type-video is-provider-youtube wp-block-embed-youtube wp-embed-aspect-16-9 wp-has-aspect-ratio\"><div class=\"wp-block-embed__wrapper\">\n<iframe loading=\"lazy\" title=\"Lokale Wissenssammlung\" width=\"500\" height=\"281\" src=\"https:\/\/www.youtube.com\/embed\/lPBWd715oMk?feature=oembed\" frameborder=\"0\" allow=\"accelerometer; autoplay; clipboard-write; encrypted-media; gyroscope; picture-in-picture; web-share\" referrerpolicy=\"strict-origin-when-cross-origin\" allowfullscreen><\/iframe>\n<\/div><\/figure>","protected":false},"excerpt":{"rendered":"<p>Die Sammlung von lokalen Wissensdokumenten besteht seit der Gr\u00fcndung der Bibliothek im Jahr 1952. Die Sondersammlung enth\u00e4lt Dokumente aus der Vergangenheit (bis 1920) und Gegenwart der historischen Grafschaften Aba\u00faj, Borsod, G\u00f6m\u00f6r, Torna und Zempl\u00e9n. Wir sammeln Publikationen mit lokalen Inhalten, die lokal und in lokalen Druckern ver\u00f6ffentlicht werden, sowie Werke lokaler Autoren, unabh\u00e4ngig vom Typ. Hier finden Sie B\u00fccher, Zeitschriften, Kleingedrucktes, Generalversammlung [\u2026]<\/p>","protected":false},"author":1,"featured_media":0,"parent":0,"menu_order":0,"comment_status":"closed","ping_status":"closed","template":"","meta":{"_acf_changed":false,"slim_seo":{"title":"Helyismeret - Borsod-Aba\u00faj-Zempl\u00e9n v\u00e1rmegyei K\u00f6nyvt\u00e1rport\u00e1l","description":"A helyismereti dokumentumok tervszer\u0171 gy\u0171jt\u00e9se a k\u00f6nyvt\u00e1r alap\u00edt\u00e1s\u00e1t\u00f3l kezdve, 1952 \u00f3ta folyik. A k\u00fcl\u00f6ngy\u0171jtem\u00e9nyben a t\u00f6rt\u00e9neti Aba\u00faj, Borsod, G\u00f6m\u00f6r, Torna \u00e9s"},"footnotes":""},"class_list":["post-68","page","type-page","status-publish","hentry"],"acf":[],"meta_box":[],"_links":{"self":[{"href":"https:\/\/bazkonyvtar.hu\/de\/wp-json\/wp\/v2\/pages\/68","targetHints":{"allow":["GET"]}}],"collection":[{"href":"https:\/\/bazkonyvtar.hu\/de\/wp-json\/wp\/v2\/pages"}],"about":[{"href":"https:\/\/bazkonyvtar.hu\/de\/wp-json\/wp\/v2\/types\/page"}],"author":[{"embeddable":true,"href":"https:\/\/bazkonyvtar.hu\/de\/wp-json\/wp\/v2\/users\/1"}],"replies":[{"embeddable":true,"href":"https:\/\/bazkonyvtar.hu\/de\/wp-json\/wp\/v2\/comments?post=68"}],"version-history":[{"count":0,"href":"https:\/\/bazkonyvtar.hu\/de\/wp-json\/wp\/v2\/pages\/68\/revisions"}],"wp:attachment":[{"href":"https:\/\/bazkonyvtar.hu\/de\/wp-json\/wp\/v2\/media?parent=68"}],"curies":[{"name":"wp","href":"https:\/\/api.w.org\/{rel}","templated":true}]}}