{"id":565,"date":"2025-07-02T12:01:39","date_gmt":"2025-07-02T12:01:39","guid":{"rendered":"https:\/\/bazkonyvtar.dev.peterteszary.com\/?page_id=565"},"modified":"2025-08-15T08:39:19","modified_gmt":"2025-08-15T08:39:19","slug":"varmegyei-ellatas","status":"publish","type":"page","link":"https:\/\/bazkonyvtar.hu\/de\/varmegyei-ellatas\/","title":{"rendered":"Grafschaftsleistungen"},"content":{"rendered":"","protected":false},"excerpt":{"rendered":"","protected":false},"author":1,"featured_media":0,"parent":0,"menu_order":0,"comment_status":"closed","ping_status":"closed","template":"","meta":{"_acf_changed":false,"slim_seo":{"description":"A Borsod-Aba\u00faj-Zempl\u00e9n v\u00e1rmegyei K\u00f6nyvt\u00e1rport\u00e1l v\u00e1rmegyei ell\u00e1t\u00e1sok oldala. Minden v\u00e1rmegyei ell\u00e1t\u00e1ssal kapcsolatos inform\u00e1ci\u00f3 megtal\u00e1lhat\u00f3.","facebook_image":"https:\/\/bazkonyvtar.dev.peterteszary.com\/wp-content\/uploads\/2025\/06\/Rakoczi.jpg","twitter_image":"https:\/\/bazkonyvtar.dev.peterteszary.com\/wp-content\/uploads\/2025\/06\/Rakoczi.jpg","title":"V\u00e1rmegyei ell\u00e1t\u00e1s - Borsod-Aba\u00faj-Zempl\u00e9n v\u00e1rmegyei K\u00f6nyvt\u00e1rport\u00e1l"},"footnotes":""},"class_list":["post-565","page","type-page","status-publish","hentry"],"acf":[],"meta_box":[],"_links":{"self":[{"href":"https:\/\/bazkonyvtar.hu\/de\/wp-json\/wp\/v2\/pages\/565","targetHints":{"allow":["GET"]}}],"collection":[{"href":"https:\/\/bazkonyvtar.hu\/de\/wp-json\/wp\/v2\/pages"}],"about":[{"href":"https:\/\/bazkonyvtar.hu\/de\/wp-json\/wp\/v2\/types\/page"}],"author":[{"embeddable":true,"href":"https:\/\/bazkonyvtar.hu\/de\/wp-json\/wp\/v2\/users\/1"}],"replies":[{"embeddable":true,"href":"https:\/\/bazkonyvtar.hu\/de\/wp-json\/wp\/v2\/comments?post=565"}],"version-history":[{"count":0,"href":"https:\/\/bazkonyvtar.hu\/de\/wp-json\/wp\/v2\/pages\/565\/revisions"}],"wp:attachment":[{"href":"https:\/\/bazkonyvtar.hu\/de\/wp-json\/wp\/v2\/media?parent=565"}],"curies":[{"name":"wp","href":"https:\/\/api.w.org\/{rel}","templated":true}]}}