{"id":563,"date":"2025-07-02T12:00:46","date_gmt":"2025-07-02T12:00:46","guid":{"rendered":"https:\/\/bazkonyvtar.dev.peterteszary.com\/?page_id=563"},"modified":"2026-02-17T09:13:00","modified_gmt":"2026-02-17T09:13:00","slug":"hirek","status":"publish","type":"page","link":"http:\/\/bazkonyvtar.hu\/en\/hirek\/","title":{"rendered":"News"},"content":{"rendered":"","protected":false},"excerpt":{"rendered":"","protected":false},"author":1,"featured_media":0,"parent":0,"menu_order":0,"comment_status":"closed","ping_status":"closed","template":"","meta":{"_acf_changed":false,"slim_seo":{"description":"A Borsod-Aba\u00faj-Zempl\u00e9n v\u00e1rmegyei K\u00f6nyvt\u00e1rport\u00e1l h\u00edroldala. H\u00edrek, \u00fajdons\u00e1gok, inform\u00e1ci\u00f3k egy helyen.","facebook_image":"https:\/\/bazkonyvtar.dev.peterteszary.com\/wp-content\/uploads\/2025\/06\/Rakoczi.jpg","twitter_image":"https:\/\/bazkonyvtar.dev.peterteszary.com\/wp-content\/uploads\/2025\/06\/Rakoczi.jpg","title":"H\u00edrek - Borsod-Aba\u00faj-Zempl\u00e9n v\u00e1rmegyei K\u00f6nyvt\u00e1rport\u00e1l"},"footnotes":""},"class_list":["post-563","page","type-page","status-publish","hentry"],"acf":[],"meta_box":[],"_links":{"self":[{"href":"http:\/\/bazkonyvtar.hu\/en\/wp-json\/wp\/v2\/pages\/563","targetHints":{"allow":["GET"]}}],"collection":[{"href":"http:\/\/bazkonyvtar.hu\/en\/wp-json\/wp\/v2\/pages"}],"about":[{"href":"http:\/\/bazkonyvtar.hu\/en\/wp-json\/wp\/v2\/types\/page"}],"author":[{"embeddable":true,"href":"http:\/\/bazkonyvtar.hu\/en\/wp-json\/wp\/v2\/users\/1"}],"replies":[{"embeddable":true,"href":"http:\/\/bazkonyvtar.hu\/en\/wp-json\/wp\/v2\/comments?post=563"}],"version-history":[{"count":2,"href":"http:\/\/bazkonyvtar.hu\/en\/wp-json\/wp\/v2\/pages\/563\/revisions"}],"predecessor-version":[{"id":2389,"href":"http:\/\/bazkonyvtar.hu\/en\/wp-json\/wp\/v2\/pages\/563\/revisions\/2389"}],"wp:attachment":[{"href":"http:\/\/bazkonyvtar.hu\/en\/wp-json\/wp\/v2\/media?parent=563"}],"curies":[{"name":"wp","href":"https:\/\/api.w.org\/{rel}","templated":true}]}}