{"id":572,"date":"2025-07-02T12:04:17","date_gmt":"2025-07-02T12:04:17","guid":{"rendered":"https:\/\/bazkonyvtar.dev.peterteszary.com\/?page_id=572"},"modified":"2025-07-08T13:16:36","modified_gmt":"2025-07-08T13:16:36","slug":"palyazatok","status":"publish","type":"page","link":"http:\/\/bazkonyvtar.hu\/de\/palyazatok\/","title":{"rendered":"Angebote"},"content":{"rendered":"<p>Hochgeladen unter \u2026<\/p>","protected":false},"excerpt":{"rendered":"<p>Hochgeladen unter \u2026<\/p>","protected":false},"author":1,"featured_media":0,"parent":0,"menu_order":0,"comment_status":"closed","ping_status":"closed","template":"","meta":{"_acf_changed":false,"slim_seo":{"title":"P\u00e1ly\u00e1zatok - Borsod-Aba\u00faj-Zempl\u00e9n v\u00e1rmegyei K\u00f6nyvt\u00e1rport\u00e1l","description":"Felt\u00f6lt\u00e9s alatt&#8230;"},"footnotes":""},"class_list":["post-572","page","type-page","status-publish","hentry"],"acf":[],"meta_box":[],"_links":{"self":[{"href":"http:\/\/bazkonyvtar.hu\/de\/wp-json\/wp\/v2\/pages\/572","targetHints":{"allow":["GET"]}}],"collection":[{"href":"http:\/\/bazkonyvtar.hu\/de\/wp-json\/wp\/v2\/pages"}],"about":[{"href":"http:\/\/bazkonyvtar.hu\/de\/wp-json\/wp\/v2\/types\/page"}],"author":[{"embeddable":true,"href":"http:\/\/bazkonyvtar.hu\/de\/wp-json\/wp\/v2\/users\/1"}],"replies":[{"embeddable":true,"href":"http:\/\/bazkonyvtar.hu\/de\/wp-json\/wp\/v2\/comments?post=572"}],"version-history":[{"count":0,"href":"http:\/\/bazkonyvtar.hu\/de\/wp-json\/wp\/v2\/pages\/572\/revisions"}],"wp:attachment":[{"href":"http:\/\/bazkonyvtar.hu\/de\/wp-json\/wp\/v2\/media?parent=572"}],"curies":[{"name":"wp","href":"https:\/\/api.w.org\/{rel}","templated":true}]}}