{"id":567,"date":"2025-07-02T12:01:59","date_gmt":"2025-07-02T12:01:59","guid":{"rendered":"https:\/\/bazkonyvtar.dev.peterteszary.com\/?page_id=567"},"modified":"2025-12-10T13:54:27","modified_gmt":"2025-12-10T13:54:27","slug":"konyvtarak","status":"publish","type":"page","link":"http:\/\/bazkonyvtar.hu\/de\/konyvtarak\/","title":{"rendered":"Bibliotheken"},"content":{"rendered":"","protected":false},"excerpt":{"rendered":"","protected":false},"author":1,"featured_media":0,"parent":0,"menu_order":0,"comment_status":"closed","ping_status":"closed","template":"","meta":{"_acf_changed":false,"slim_seo":{"title":"K\u00f6nyvt\u00e1rak - Borsod-Aba\u00faj-Zempl\u00e9n v\u00e1rmegyei K\u00f6nyvt\u00e1rport\u00e1l","description":"Ell\u00e1t\u00e1si k\u00f6rzetek keres\u00e9se"},"footnotes":""},"class_list":["post-567","page","type-page","status-publish","hentry"],"acf":[],"meta_box":[],"_links":{"self":[{"href":"http:\/\/bazkonyvtar.hu\/de\/wp-json\/wp\/v2\/pages\/567","targetHints":{"allow":["GET"]}}],"collection":[{"href":"http:\/\/bazkonyvtar.hu\/de\/wp-json\/wp\/v2\/pages"}],"about":[{"href":"http:\/\/bazkonyvtar.hu\/de\/wp-json\/wp\/v2\/types\/page"}],"author":[{"embeddable":true,"href":"http:\/\/bazkonyvtar.hu\/de\/wp-json\/wp\/v2\/users\/1"}],"replies":[{"embeddable":true,"href":"http:\/\/bazkonyvtar.hu\/de\/wp-json\/wp\/v2\/comments?post=567"}],"version-history":[{"count":4,"href":"http:\/\/bazkonyvtar.hu\/de\/wp-json\/wp\/v2\/pages\/567\/revisions"}],"predecessor-version":[{"id":2143,"href":"http:\/\/bazkonyvtar.hu\/de\/wp-json\/wp\/v2\/pages\/567\/revisions\/2143"}],"wp:attachment":[{"href":"http:\/\/bazkonyvtar.hu\/de\/wp-json\/wp\/v2\/media?parent=567"}],"curies":[{"name":"wp","href":"https:\/\/api.w.org\/{rel}","templated":true}]}}