{"id":48,"date":"2025-06-23T08:52:16","date_gmt":"2025-06-23T08:52:16","guid":{"rendered":"https:\/\/bazkonyvtar.dev.peterteszary.com\/?page_id=48"},"modified":"2026-02-17T08:57:11","modified_gmt":"2026-02-17T08:57:11","slug":"kezdolap","status":"publish","type":"page","link":"http:\/\/bazkonyvtar.hu\/de\/","title":{"rendered":"Startseite"},"content":{"rendered":"","protected":false},"excerpt":{"rendered":"","protected":false},"author":1,"featured_media":0,"parent":0,"menu_order":0,"comment_status":"closed","ping_status":"closed","template":"","meta":{"_acf_changed":false,"slim_seo":{"description":"Borsod-Aba\u00faj-Zempl\u00e9n v\u00e1rmegyei K\u00f6nyvt\u00e1rport\u00e1l kezd\u0151lap. Inform\u00e1ci\u00f3k, programok, \u00e9rdekess\u00e9gek.","facebook_image":"https:\/\/bazkonyvtar.dev.peterteszary.com\/wp-content\/uploads\/2025\/06\/Rakoczi.jpg","twitter_image":"https:\/\/bazkonyvtar.dev.peterteszary.com\/wp-content\/uploads\/2025\/06\/Rakoczi.jpg","title":"Borsod-Aba\u00faj-Zempl\u00e9n v\u00e1rmegyei K\u00f6nyvt\u00e1rport\u00e1l"},"footnotes":""},"class_list":["post-48","page","type-page","status-publish","hentry"],"acf":[],"meta_box":[],"_links":{"self":[{"href":"http:\/\/bazkonyvtar.hu\/de\/wp-json\/wp\/v2\/pages\/48","targetHints":{"allow":["GET"]}}],"collection":[{"href":"http:\/\/bazkonyvtar.hu\/de\/wp-json\/wp\/v2\/pages"}],"about":[{"href":"http:\/\/bazkonyvtar.hu\/de\/wp-json\/wp\/v2\/types\/page"}],"author":[{"embeddable":true,"href":"http:\/\/bazkonyvtar.hu\/de\/wp-json\/wp\/v2\/users\/1"}],"replies":[{"embeddable":true,"href":"http:\/\/bazkonyvtar.hu\/de\/wp-json\/wp\/v2\/comments?post=48"}],"version-history":[{"count":22,"href":"http:\/\/bazkonyvtar.hu\/de\/wp-json\/wp\/v2\/pages\/48\/revisions"}],"predecessor-version":[{"id":2383,"href":"http:\/\/bazkonyvtar.hu\/de\/wp-json\/wp\/v2\/pages\/48\/revisions\/2383"}],"wp:attachment":[{"href":"http:\/\/bazkonyvtar.hu\/de\/wp-json\/wp\/v2\/media?parent=48"}],"curies":[{"name":"wp","href":"https:\/\/api.w.org\/{rel}","templated":true}]}}