{"id":171,"date":"2025-06-30T06:24:23","date_gmt":"2025-06-30T06:24:23","guid":{"rendered":"https:\/\/bazkonyvtar.dev.peterteszary.com\/?page_id=171"},"modified":"2026-02-13T09:25:56","modified_gmt":"2026-02-13T09:25:56","slug":"kapcsolat","status":"publish","type":"page","link":"http:\/\/bazkonyvtar.hu\/de\/kapcsolat\/","title":{"rendered":"Kontakt"},"content":{"rendered":"","protected":false},"excerpt":{"rendered":"","protected":false},"author":1,"featured_media":0,"parent":0,"menu_order":0,"comment_status":"closed","ping_status":"closed","template":"","meta":{"_acf_changed":false,"slim_seo":{"title":"Kapcsolat - Borsod-Aba\u00faj-Zempl\u00e9n v\u00e1rmegyei K\u00f6nyvt\u00e1rport\u00e1l","description":"II. R\u00e1k\u00f3czi Ferenc\u00a0K\u00f6nyvt\u00e1r 3530 Miskolc, G\u00f6rgey Art\u00far utca 11. Postac\u00edm: 3501 Miskolc, Pf.: 176. Tel.: 46\/503-120 E-mail:\u00a0 rakoczi@rfmlib.hu Honlap:\u00a0 www.rfmli"},"footnotes":""},"class_list":["post-171","page","type-page","status-publish","hentry"],"acf":[],"meta_box":[],"_links":{"self":[{"href":"http:\/\/bazkonyvtar.hu\/de\/wp-json\/wp\/v2\/pages\/171","targetHints":{"allow":["GET"]}}],"collection":[{"href":"http:\/\/bazkonyvtar.hu\/de\/wp-json\/wp\/v2\/pages"}],"about":[{"href":"http:\/\/bazkonyvtar.hu\/de\/wp-json\/wp\/v2\/types\/page"}],"author":[{"embeddable":true,"href":"http:\/\/bazkonyvtar.hu\/de\/wp-json\/wp\/v2\/users\/1"}],"replies":[{"embeddable":true,"href":"http:\/\/bazkonyvtar.hu\/de\/wp-json\/wp\/v2\/comments?post=171"}],"version-history":[{"count":5,"href":"http:\/\/bazkonyvtar.hu\/de\/wp-json\/wp\/v2\/pages\/171\/revisions"}],"predecessor-version":[{"id":2293,"href":"http:\/\/bazkonyvtar.hu\/de\/wp-json\/wp\/v2\/pages\/171\/revisions\/2293"}],"wp:attachment":[{"href":"http:\/\/bazkonyvtar.hu\/de\/wp-json\/wp\/v2\/media?parent=171"}],"curies":[{"name":"wp","href":"https:\/\/api.w.org\/{rel}","templated":true}]}}